{"id":544,"date":"2017-06-01T10:01:50","date_gmt":"2017-06-01T10:01:50","guid":{"rendered":"http:\/\/www.articolovtrainingforbusiness.com\/?page_id=544"},"modified":"2023-01-10T13:22:19","modified_gmt":"2023-01-10T12:22:19","slug":"filosofia","status":"publish","type":"page","link":"https:\/\/www.articolovtrainingforbusiness.com\/index.php\/filosofia\/","title":{"rendered":"Filosofia"},"content":{"rendered":"[vc_row padding=&#8221;default-padding&#8221;][vc_column][az_column_text]\n<h2>IL CAVALLO: PERCH\u00c8?<\/h2>\n[\/az_column_text][az_blank_divider][az_column_text]<span style=\"font-size: 30px; line-height: 45px;\">La natura istintiva del cavallo e la sua qualit\u00e0 di <strong>vivere sempre il momento<\/strong> fanno si che questo animale offra moltissimi <strong>spunti per la formazione<\/strong> della persona e della sua <strong>relazione con gli altri<\/strong>.<\/span>[\/az_column_text][\/vc_column][\/vc_row][vc_row padding=&#8221;custom-padding&#8221; padding_top_value=&#8221;0&#8243;][vc_column width=&#8221;1\/2&#8243;][az_column_text]<img decoding=\"async\" loading=\"lazy\" class=\"alignnone size-full wp-image-640\" src=\"https:\/\/www.articolovtrainingforbusiness.com\/wp-content\/uploads\/articolo-v-training-for-business-filosofia-1.jpg\" alt=\"\" width=\"520\" height=\"668\" srcset=\"https:\/\/www.articolovtrainingforbusiness.com\/wp-content\/uploads\/articolo-v-training-for-business-filosofia-1.jpg 576w, https:\/\/www.articolovtrainingforbusiness.com\/wp-content\/uploads\/articolo-v-training-for-business-filosofia-1-234x300.jpg 234w\" sizes=\"(max-width: 520px) 100vw, 520px\" \/>[\/az_column_text][\/vc_column][vc_column width=&#8221;1\/2&#8243;][az_blank_divider][az_column_text]\n<ul>\n<li>Il cavallo risponde in maniera diretta, inequivoca e sincera a tutto ci\u00f2 che il nostro corpo e la sua gestualit\u00e0 comunicano <u>a livello non verbale e para-verbale<\/u>; e questo grazie alla sua incredibile capacit\u00e0 di leggere gli aspetti pi\u00f9 profondi e veri della nostra natura.<\/li>\n<li>Trovarsi a contatto con questi animali grandi e potenti con una quantit\u00e0 immensa di energia a volte pu\u00f2 essere intimidatorio e portarci fuori della nostra zona di comfort. Questo crea un\u2019<u>opportunit\u00e0 di apprendimento esperienziale<\/u> per superare la paura, sviluppare la fiducia in se stessi e gestire le emozioni in modo naturale.<\/li>\n<li>Il cavallo ci aiuta a sviluppare le competenze per <u>comprendere e valutare prospettive, esperienze e opinioni degli altri<\/u>; i cavalli trattano gli esseri umani come se fossero cavalli. Spesso, gli esseri umani vedono e comunicano tenendo in considerazione unicamente il loro proprio punto di vista e ci\u00f2 \u00e8 molte volte una causa di conflitti, stress, ed incomprensioni.<\/li>\n<li>Il cavallo ti induce a <u>rielaborare in tempo reale i propri comportamenti per poter essere efficaci<\/u>, facendoci lavorare su comunicazione chiara, obiettivo preciso, rispetto e comprensione; rappresenta cos\u00ec un apprendimento di significativa utilit\u00e0 e di immediata trasferibilit\u00e0 nel quotidiano.<\/li>\n<\/ul>\n[\/az_column_text][\/vc_column][\/vc_row]\n","protected":false},"excerpt":{"rendered":"<p>[vc_row padding=&#8221;default-padding&#8221;][vc_column][az_column_text] IL CAVALLO: PERCH\u00c8? [\/az_column_text][az_blank_divider][az_column_text]La natura istintiva del cavallo e la sua qualit\u00e0 di vivere sempre il momento fanno si che questo animale offra moltissimi spunti per la formazione della persona e della [&hellip;]<\/p>\n","protected":false},"author":4,"featured_media":0,"parent":0,"menu_order":0,"comment_status":"closed","ping_status":"closed","template":"","meta":{"_mi_skip_tracking":false},"yoast_head":"<!-- This site is optimized with the Yoast SEO plugin v19.14 - https:\/\/yoast.com\/wordpress\/plugins\/seo\/ -->\n<title>Filosofia - Articolo V Training for Business<\/title>\n<meta name=\"description\" content=\"Filosofia - La natura istintiva del cavallo e il suo vivere unicamente il presente fanno si che questo animale offra moltissimi spunti per la formazione.\" \/>\n<meta name=\"robots\" content=\"index, follow, max-snippet:-1, max-image-preview:large, max-video-preview:-1\" \/>\n<link rel=\"canonical\" href=\"https:\/\/www.articolovtrainingforbusiness.com\/index.php\/filosofia\/\" \/>\n<meta property=\"og:locale\" content=\"it_IT\" \/>\n<meta property=\"og:type\" content=\"article\" \/>\n<meta property=\"og:title\" content=\"Filosofia - Articolo V Training for Business\" \/>\n<meta property=\"og:description\" content=\"Filosofia - La natura istintiva del cavallo e il suo vivere unicamente il presente fanno si che questo animale offra moltissimi spunti per la formazione.\" \/>\n<meta property=\"og:url\" content=\"https:\/\/www.articolovtrainingforbusiness.com\/index.php\/filosofia\/\" \/>\n<meta property=\"og:site_name\" content=\"Articolo V Training for Business\" \/>\n<meta property=\"article:modified_time\" content=\"2023-01-10T12:22:19+00:00\" \/>\n<meta property=\"og:image\" content=\"http:\/\/www.articolovtrainingforbusiness.com\/wp-content\/uploads\/articolo-v-training-for-business-filosofia-1.jpg\" \/>\n<meta name=\"twitter:card\" content=\"summary_large_image\" \/>\n<meta name=\"twitter:label1\" content=\"Tempo di lettura stimato\" \/>\n\t<meta name=\"twitter:data1\" content=\"1 minuto\" \/>\n<script type=\"application\/ld+json\" class=\"yoast-schema-graph\">{\"@context\":\"https:\/\/schema.org\",\"@graph\":[{\"@type\":\"WebPage\",\"@id\":\"https:\/\/www.articolovtrainingforbusiness.com\/index.php\/filosofia\/\",\"url\":\"https:\/\/www.articolovtrainingforbusiness.com\/index.php\/filosofia\/\",\"name\":\"Filosofia - Articolo V Training for Business\",\"isPartOf\":{\"@id\":\"https:\/\/www.articolovtrainingforbusiness.com\/#website\"},\"datePublished\":\"2017-06-01T10:01:50+00:00\",\"dateModified\":\"2023-01-10T12:22:19+00:00\",\"description\":\"Filosofia - La natura istintiva del cavallo e il suo vivere unicamente il presente fanno si che questo animale offra moltissimi spunti per la formazione.\",\"breadcrumb\":{\"@id\":\"https:\/\/www.articolovtrainingforbusiness.com\/index.php\/filosofia\/#breadcrumb\"},\"inLanguage\":\"it-IT\",\"potentialAction\":[{\"@type\":\"ReadAction\",\"target\":[\"https:\/\/www.articolovtrainingforbusiness.com\/index.php\/filosofia\/\"]}]},{\"@type\":\"BreadcrumbList\",\"@id\":\"https:\/\/www.articolovtrainingforbusiness.com\/index.php\/filosofia\/#breadcrumb\",\"itemListElement\":[{\"@type\":\"ListItem\",\"position\":1,\"name\":\"Home\",\"item\":\"https:\/\/www.articolovtrainingforbusiness.com\/\"},{\"@type\":\"ListItem\",\"position\":2,\"name\":\"Filosofia\"}]},{\"@type\":\"WebSite\",\"@id\":\"https:\/\/www.articolovtrainingforbusiness.com\/#website\",\"url\":\"https:\/\/www.articolovtrainingforbusiness.com\/\",\"name\":\"Articolo V Training for Business\",\"description\":\"I cavalli nella formazione\",\"publisher\":{\"@id\":\"https:\/\/www.articolovtrainingforbusiness.com\/#organization\"},\"potentialAction\":[{\"@type\":\"SearchAction\",\"target\":{\"@type\":\"EntryPoint\",\"urlTemplate\":\"https:\/\/www.articolovtrainingforbusiness.com\/?s={search_term_string}\"},\"query-input\":\"required name=search_term_string\"}],\"inLanguage\":\"it-IT\"},{\"@type\":\"Organization\",\"@id\":\"https:\/\/www.articolovtrainingforbusiness.com\/#organization\",\"name\":\"Articolo V Horse Academy\",\"url\":\"https:\/\/www.articolovtrainingforbusiness.com\/\",\"logo\":{\"@type\":\"ImageObject\",\"inLanguage\":\"it-IT\",\"@id\":\"https:\/\/www.articolovtrainingforbusiness.com\/#\/schema\/logo\/image\/\",\"url\":\"https:\/\/www.articolovtrainingforbusiness.com\/wp-content\/uploads\/articolo-v-training-for-business-logo-2.jpg\",\"contentUrl\":\"https:\/\/www.articolovtrainingforbusiness.com\/wp-content\/uploads\/articolo-v-training-for-business-logo-2.jpg\",\"width\":250,\"height\":163,\"caption\":\"Articolo V Horse Academy\"},\"image\":{\"@id\":\"https:\/\/www.articolovtrainingforbusiness.com\/#\/schema\/logo\/image\/\"}}]}<\/script>\n<!-- \/ Yoast SEO plugin. -->","yoast_head_json":{"title":"Filosofia - Articolo V Training for Business","description":"Filosofia - La natura istintiva del cavallo e il suo vivere unicamente il presente fanno si che questo animale offra moltissimi spunti per la formazione.","robots":{"index":"index","follow":"follow","max-snippet":"max-snippet:-1","max-image-preview":"max-image-preview:large","max-video-preview":"max-video-preview:-1"},"canonical":"https:\/\/www.articolovtrainingforbusiness.com\/index.php\/filosofia\/","og_locale":"it_IT","og_type":"article","og_title":"Filosofia - Articolo V Training for Business","og_description":"Filosofia - La natura istintiva del cavallo e il suo vivere unicamente il presente fanno si che questo animale offra moltissimi spunti per la formazione.","og_url":"https:\/\/www.articolovtrainingforbusiness.com\/index.php\/filosofia\/","og_site_name":"Articolo V Training for Business","article_modified_time":"2023-01-10T12:22:19+00:00","og_image":[{"url":"http:\/\/www.articolovtrainingforbusiness.com\/wp-content\/uploads\/articolo-v-training-for-business-filosofia-1.jpg"}],"twitter_card":"summary_large_image","twitter_misc":{"Tempo di lettura stimato":"1 minuto"},"schema":{"@context":"https:\/\/schema.org","@graph":[{"@type":"WebPage","@id":"https:\/\/www.articolovtrainingforbusiness.com\/index.php\/filosofia\/","url":"https:\/\/www.articolovtrainingforbusiness.com\/index.php\/filosofia\/","name":"Filosofia - Articolo V Training for Business","isPartOf":{"@id":"https:\/\/www.articolovtrainingforbusiness.com\/#website"},"datePublished":"2017-06-01T10:01:50+00:00","dateModified":"2023-01-10T12:22:19+00:00","description":"Filosofia - La natura istintiva del cavallo e il suo vivere unicamente il presente fanno si che questo animale offra moltissimi spunti per la formazione.","breadcrumb":{"@id":"https:\/\/www.articolovtrainingforbusiness.com\/index.php\/filosofia\/#breadcrumb"},"inLanguage":"it-IT","potentialAction":[{"@type":"ReadAction","target":["https:\/\/www.articolovtrainingforbusiness.com\/index.php\/filosofia\/"]}]},{"@type":"BreadcrumbList","@id":"https:\/\/www.articolovtrainingforbusiness.com\/index.php\/filosofia\/#breadcrumb","itemListElement":[{"@type":"ListItem","position":1,"name":"Home","item":"https:\/\/www.articolovtrainingforbusiness.com\/"},{"@type":"ListItem","position":2,"name":"Filosofia"}]},{"@type":"WebSite","@id":"https:\/\/www.articolovtrainingforbusiness.com\/#website","url":"https:\/\/www.articolovtrainingforbusiness.com\/","name":"Articolo V Training for Business","description":"I cavalli nella formazione","publisher":{"@id":"https:\/\/www.articolovtrainingforbusiness.com\/#organization"},"potentialAction":[{"@type":"SearchAction","target":{"@type":"EntryPoint","urlTemplate":"https:\/\/www.articolovtrainingforbusiness.com\/?s={search_term_string}"},"query-input":"required name=search_term_string"}],"inLanguage":"it-IT"},{"@type":"Organization","@id":"https:\/\/www.articolovtrainingforbusiness.com\/#organization","name":"Articolo V Horse Academy","url":"https:\/\/www.articolovtrainingforbusiness.com\/","logo":{"@type":"ImageObject","inLanguage":"it-IT","@id":"https:\/\/www.articolovtrainingforbusiness.com\/#\/schema\/logo\/image\/","url":"https:\/\/www.articolovtrainingforbusiness.com\/wp-content\/uploads\/articolo-v-training-for-business-logo-2.jpg","contentUrl":"https:\/\/www.articolovtrainingforbusiness.com\/wp-content\/uploads\/articolo-v-training-for-business-logo-2.jpg","width":250,"height":163,"caption":"Articolo V Horse Academy"},"image":{"@id":"https:\/\/www.articolovtrainingforbusiness.com\/#\/schema\/logo\/image\/"}}]}},"_links":{"self":[{"href":"https:\/\/www.articolovtrainingforbusiness.com\/index.php\/wp-json\/wp\/v2\/pages\/544"}],"collection":[{"href":"https:\/\/www.articolovtrainingforbusiness.com\/index.php\/wp-json\/wp\/v2\/pages"}],"about":[{"href":"https:\/\/www.articolovtrainingforbusiness.com\/index.php\/wp-json\/wp\/v2\/types\/page"}],"author":[{"embeddable":true,"href":"https:\/\/www.articolovtrainingforbusiness.com\/index.php\/wp-json\/wp\/v2\/users\/4"}],"replies":[{"embeddable":true,"href":"https:\/\/www.articolovtrainingforbusiness.com\/index.php\/wp-json\/wp\/v2\/comments?post=544"}],"version-history":[{"count":5,"href":"https:\/\/www.articolovtrainingforbusiness.com\/index.php\/wp-json\/wp\/v2\/pages\/544\/revisions"}],"predecessor-version":[{"id":1501,"href":"https:\/\/www.articolovtrainingforbusiness.com\/index.php\/wp-json\/wp\/v2\/pages\/544\/revisions\/1501"}],"wp:attachment":[{"href":"https:\/\/www.articolovtrainingforbusiness.com\/index.php\/wp-json\/wp\/v2\/media?parent=544"}],"curies":[{"name":"wp","href":"https:\/\/api.w.org\/{rel}","templated":true}]}}