{"id":561,"date":"2017-06-01T10:39:20","date_gmt":"2017-06-01T10:39:20","guid":{"rendered":"http:\/\/www.articolovtrainingforbusiness.com\/?page_id=561"},"modified":"2023-01-10T13:18:05","modified_gmt":"2023-01-10T12:18:05","slug":"corsi","status":"publish","type":"page","link":"https:\/\/www.articolovtrainingforbusiness.com\/index.php\/corsi\/","title":{"rendered":"Corsi"},"content":{"rendered":"[vc_row padding=&#8221;custom-padding&#8221; padding_bottom_value=&#8221;0&#8243;][vc_column width=&#8221;1\/2&#8243;][az_column_text]<span style=\"font-size: 30px; line-height: 45px;\"><u>Team building<\/u>, <u>leadership<\/u>, <u>comunicazione interpersonale<\/u> sono esempi di argomenti che possono essere trattati nei nostri seminari.<\/span>[\/az_column_text][az_blank_divider][az_column_text]I corsi sono sviluppati da due <u>formatori senior<\/u> affiancati da un team di assistenti qualificati, che mettono a disposizione la loro <u>esperienza<\/u> e la loro <u>competenza<\/u>.<br \/>\nLa struttura dove si svolgono i corsi, permette di avere vari spazi, sia per gli esercizi pratici che per le lezioni frontali.<\/p>\n<p>I corsi sono <u>incentrati sulle singole persone<\/u> che lavorano in azienda, sulle loro capacit\u00e0, sulle loro capacit\u00e0 relazionali.<\/p>\n<p>Il cavallo pu\u00f2 diventare ponte tra culture diverse o personalit\u00e0 diverse e diventa un aiuto concreto per la ricerca di nuove modalit\u00e0 di comunicazione e collaborazione.<br \/>\n<u>I partecipanti verranno guidati attraverso esercizi pratici<\/u> le cui metafore potranno dare buoni spunti ed approfondimenti per gestire persone e progetti, lavorare con gli altri o trattare con i clienti con pi\u00f9 facilit\u00e0.[\/az_column_text][\/vc_column][vc_column width=&#8221;1\/2&#8243;][az_column_text]<img decoding=\"async\" loading=\"lazy\" class=\"size-full wp-image-565 aligncenter\" src=\"https:\/\/www.articolovtrainingforbusiness.com\/wp-content\/uploads\/articolo-v-training-for-business-corsi-2.jpg\" alt=\"\" width=\"575\" height=\"560\" srcset=\"https:\/\/www.articolovtrainingforbusiness.com\/wp-content\/uploads\/articolo-v-training-for-business-corsi-2.jpg 575w, https:\/\/www.articolovtrainingforbusiness.com\/wp-content\/uploads\/articolo-v-training-for-business-corsi-2-300x292.jpg 300w\" sizes=\"(max-width: 575px) 100vw, 575px\" \/>[\/az_column_text][\/vc_column][\/vc_row][vc_row padding=&#8221;default-padding&#8221;][vc_column width=&#8221;1\/2&#8243;][az_column_text]I programmi possono essere composti da diversi moduli a seconda degli obiettivi prefissati e dei bisogni da soddisfare.<br \/>\nIn questo tipo di attivit\u00e0 noi non lavoriamo come istruttori di equitazione, ma diventiamo unicamente i supervisori della relazione che si instaura tra l\u2019uomo ed il cavallo facilitandone l\u2019interazione ed i suoi sviluppi.<\/p>\n<p>L\u2019attivit\u00e0 con il cavallo fornisce un ambiente di lavoro in cui \u00e8 possibile<br \/>\nconcentrarsi sul proprio processo di <u>apprendimento individuale<\/u>.[\/az_column_text][\/vc_column][vc_column width=&#8221;1\/2&#8243;][az_column_text]<u>I nostri cavalli diventano compagni di allenamento<\/u> reagendo con feedback diretto sullo stile di leadership personale, capacit\u00e0 comunicative, senso delle priorit\u00e0, gestione delle difficolt\u00e0 e, come una cartina tornasole, fanno emergere le nostre forze e le nostre debolezze.<br \/>\nTutta l\u2019attivit\u00e0 viene svolta da terra e n on sono richieste conoscenze equestri specifiche.[\/az_column_text][\/vc_column][\/vc_row]\n","protected":false},"excerpt":{"rendered":"<p>[vc_row padding=&#8221;custom-padding&#8221; padding_bottom_value=&#8221;0&#8243;][vc_column width=&#8221;1\/2&#8243;][az_column_text]Team building, leadership, comunicazione interpersonale sono esempi di argomenti che possono essere trattati nei nostri seminari.[\/az_column_text][az_blank_divider][az_column_text]I corsi sono sviluppati da due formatori senior affiancati da un team di assistenti qualificati, che [&hellip;]<\/p>\n","protected":false},"author":4,"featured_media":0,"parent":0,"menu_order":0,"comment_status":"closed","ping_status":"closed","template":"","meta":{"_mi_skip_tracking":false},"yoast_head":"<!-- This site is optimized with the Yoast SEO plugin v19.14 - https:\/\/yoast.com\/wordpress\/plugins\/seo\/ -->\n<title>Corsi - Articolo V Training for Business<\/title>\n<meta name=\"description\" content=\"Corsi - Team building, leadership, comunicazione interpersonale sono esempi di argomenti che possono essere trattati nei nostri seminari.\" \/>\n<meta name=\"robots\" content=\"index, follow, max-snippet:-1, max-image-preview:large, max-video-preview:-1\" \/>\n<link rel=\"canonical\" href=\"https:\/\/www.articolovtrainingforbusiness.com\/index.php\/corsi\/\" \/>\n<meta property=\"og:locale\" content=\"it_IT\" \/>\n<meta property=\"og:type\" content=\"article\" \/>\n<meta property=\"og:title\" content=\"Corsi - Articolo V Training for Business\" \/>\n<meta property=\"og:description\" content=\"Corsi - Team building, leadership, comunicazione interpersonale sono esempi di argomenti che possono essere trattati nei nostri seminari.\" \/>\n<meta property=\"og:url\" content=\"https:\/\/www.articolovtrainingforbusiness.com\/index.php\/corsi\/\" \/>\n<meta property=\"og:site_name\" content=\"Articolo V Training for Business\" \/>\n<meta property=\"article:modified_time\" content=\"2023-01-10T12:18:05+00:00\" \/>\n<meta property=\"og:image\" content=\"http:\/\/www.articolovtrainingforbusiness.com\/wp-content\/uploads\/articolo-v-training-for-business-corsi-2.jpg\" \/>\n<meta name=\"twitter:card\" content=\"summary_large_image\" \/>\n<meta name=\"twitter:label1\" content=\"Tempo di lettura stimato\" \/>\n\t<meta name=\"twitter:data1\" content=\"2 minuti\" \/>\n<script type=\"application\/ld+json\" class=\"yoast-schema-graph\">{\"@context\":\"https:\/\/schema.org\",\"@graph\":[{\"@type\":\"WebPage\",\"@id\":\"https:\/\/www.articolovtrainingforbusiness.com\/index.php\/corsi\/\",\"url\":\"https:\/\/www.articolovtrainingforbusiness.com\/index.php\/corsi\/\",\"name\":\"Corsi - Articolo V Training for Business\",\"isPartOf\":{\"@id\":\"https:\/\/www.articolovtrainingforbusiness.com\/#website\"},\"datePublished\":\"2017-06-01T10:39:20+00:00\",\"dateModified\":\"2023-01-10T12:18:05+00:00\",\"description\":\"Corsi - Team building, leadership, comunicazione interpersonale sono esempi di argomenti che possono essere trattati nei nostri seminari.\",\"breadcrumb\":{\"@id\":\"https:\/\/www.articolovtrainingforbusiness.com\/index.php\/corsi\/#breadcrumb\"},\"inLanguage\":\"it-IT\",\"potentialAction\":[{\"@type\":\"ReadAction\",\"target\":[\"https:\/\/www.articolovtrainingforbusiness.com\/index.php\/corsi\/\"]}]},{\"@type\":\"BreadcrumbList\",\"@id\":\"https:\/\/www.articolovtrainingforbusiness.com\/index.php\/corsi\/#breadcrumb\",\"itemListElement\":[{\"@type\":\"ListItem\",\"position\":1,\"name\":\"Home\",\"item\":\"https:\/\/www.articolovtrainingforbusiness.com\/\"},{\"@type\":\"ListItem\",\"position\":2,\"name\":\"Corsi\"}]},{\"@type\":\"WebSite\",\"@id\":\"https:\/\/www.articolovtrainingforbusiness.com\/#website\",\"url\":\"https:\/\/www.articolovtrainingforbusiness.com\/\",\"name\":\"Articolo V Training for Business\",\"description\":\"I cavalli nella formazione\",\"publisher\":{\"@id\":\"https:\/\/www.articolovtrainingforbusiness.com\/#organization\"},\"potentialAction\":[{\"@type\":\"SearchAction\",\"target\":{\"@type\":\"EntryPoint\",\"urlTemplate\":\"https:\/\/www.articolovtrainingforbusiness.com\/?s={search_term_string}\"},\"query-input\":\"required name=search_term_string\"}],\"inLanguage\":\"it-IT\"},{\"@type\":\"Organization\",\"@id\":\"https:\/\/www.articolovtrainingforbusiness.com\/#organization\",\"name\":\"Articolo V Horse Academy\",\"url\":\"https:\/\/www.articolovtrainingforbusiness.com\/\",\"logo\":{\"@type\":\"ImageObject\",\"inLanguage\":\"it-IT\",\"@id\":\"https:\/\/www.articolovtrainingforbusiness.com\/#\/schema\/logo\/image\/\",\"url\":\"https:\/\/www.articolovtrainingforbusiness.com\/wp-content\/uploads\/articolo-v-training-for-business-logo-2.jpg\",\"contentUrl\":\"https:\/\/www.articolovtrainingforbusiness.com\/wp-content\/uploads\/articolo-v-training-for-business-logo-2.jpg\",\"width\":250,\"height\":163,\"caption\":\"Articolo V Horse Academy\"},\"image\":{\"@id\":\"https:\/\/www.articolovtrainingforbusiness.com\/#\/schema\/logo\/image\/\"}}]}<\/script>\n<!-- \/ Yoast SEO plugin. -->","yoast_head_json":{"title":"Corsi - Articolo V Training for Business","description":"Corsi - Team building, leadership, comunicazione interpersonale sono esempi di argomenti che possono essere trattati nei nostri seminari.","robots":{"index":"index","follow":"follow","max-snippet":"max-snippet:-1","max-image-preview":"max-image-preview:large","max-video-preview":"max-video-preview:-1"},"canonical":"https:\/\/www.articolovtrainingforbusiness.com\/index.php\/corsi\/","og_locale":"it_IT","og_type":"article","og_title":"Corsi - Articolo V Training for Business","og_description":"Corsi - Team building, leadership, comunicazione interpersonale sono esempi di argomenti che possono essere trattati nei nostri seminari.","og_url":"https:\/\/www.articolovtrainingforbusiness.com\/index.php\/corsi\/","og_site_name":"Articolo V Training for Business","article_modified_time":"2023-01-10T12:18:05+00:00","og_image":[{"url":"http:\/\/www.articolovtrainingforbusiness.com\/wp-content\/uploads\/articolo-v-training-for-business-corsi-2.jpg"}],"twitter_card":"summary_large_image","twitter_misc":{"Tempo di lettura stimato":"2 minuti"},"schema":{"@context":"https:\/\/schema.org","@graph":[{"@type":"WebPage","@id":"https:\/\/www.articolovtrainingforbusiness.com\/index.php\/corsi\/","url":"https:\/\/www.articolovtrainingforbusiness.com\/index.php\/corsi\/","name":"Corsi - Articolo V Training for Business","isPartOf":{"@id":"https:\/\/www.articolovtrainingforbusiness.com\/#website"},"datePublished":"2017-06-01T10:39:20+00:00","dateModified":"2023-01-10T12:18:05+00:00","description":"Corsi - Team building, leadership, comunicazione interpersonale sono esempi di argomenti che possono essere trattati nei nostri seminari.","breadcrumb":{"@id":"https:\/\/www.articolovtrainingforbusiness.com\/index.php\/corsi\/#breadcrumb"},"inLanguage":"it-IT","potentialAction":[{"@type":"ReadAction","target":["https:\/\/www.articolovtrainingforbusiness.com\/index.php\/corsi\/"]}]},{"@type":"BreadcrumbList","@id":"https:\/\/www.articolovtrainingforbusiness.com\/index.php\/corsi\/#breadcrumb","itemListElement":[{"@type":"ListItem","position":1,"name":"Home","item":"https:\/\/www.articolovtrainingforbusiness.com\/"},{"@type":"ListItem","position":2,"name":"Corsi"}]},{"@type":"WebSite","@id":"https:\/\/www.articolovtrainingforbusiness.com\/#website","url":"https:\/\/www.articolovtrainingforbusiness.com\/","name":"Articolo V Training for Business","description":"I cavalli nella formazione","publisher":{"@id":"https:\/\/www.articolovtrainingforbusiness.com\/#organization"},"potentialAction":[{"@type":"SearchAction","target":{"@type":"EntryPoint","urlTemplate":"https:\/\/www.articolovtrainingforbusiness.com\/?s={search_term_string}"},"query-input":"required name=search_term_string"}],"inLanguage":"it-IT"},{"@type":"Organization","@id":"https:\/\/www.articolovtrainingforbusiness.com\/#organization","name":"Articolo V Horse Academy","url":"https:\/\/www.articolovtrainingforbusiness.com\/","logo":{"@type":"ImageObject","inLanguage":"it-IT","@id":"https:\/\/www.articolovtrainingforbusiness.com\/#\/schema\/logo\/image\/","url":"https:\/\/www.articolovtrainingforbusiness.com\/wp-content\/uploads\/articolo-v-training-for-business-logo-2.jpg","contentUrl":"https:\/\/www.articolovtrainingforbusiness.com\/wp-content\/uploads\/articolo-v-training-for-business-logo-2.jpg","width":250,"height":163,"caption":"Articolo V Horse Academy"},"image":{"@id":"https:\/\/www.articolovtrainingforbusiness.com\/#\/schema\/logo\/image\/"}}]}},"_links":{"self":[{"href":"https:\/\/www.articolovtrainingforbusiness.com\/index.php\/wp-json\/wp\/v2\/pages\/561"}],"collection":[{"href":"https:\/\/www.articolovtrainingforbusiness.com\/index.php\/wp-json\/wp\/v2\/pages"}],"about":[{"href":"https:\/\/www.articolovtrainingforbusiness.com\/index.php\/wp-json\/wp\/v2\/types\/page"}],"author":[{"embeddable":true,"href":"https:\/\/www.articolovtrainingforbusiness.com\/index.php\/wp-json\/wp\/v2\/users\/4"}],"replies":[{"embeddable":true,"href":"https:\/\/www.articolovtrainingforbusiness.com\/index.php\/wp-json\/wp\/v2\/comments?post=561"}],"version-history":[{"count":3,"href":"https:\/\/www.articolovtrainingforbusiness.com\/index.php\/wp-json\/wp\/v2\/pages\/561\/revisions"}],"predecessor-version":[{"id":1499,"href":"https:\/\/www.articolovtrainingforbusiness.com\/index.php\/wp-json\/wp\/v2\/pages\/561\/revisions\/1499"}],"wp:attachment":[{"href":"https:\/\/www.articolovtrainingforbusiness.com\/index.php\/wp-json\/wp\/v2\/media?parent=561"}],"curies":[{"name":"wp","href":"https:\/\/api.w.org\/{rel}","templated":true}]}}