{"id":899,"date":"2018-05-25T08:59:48","date_gmt":"2018-05-25T06:59:48","guid":{"rendered":"http:\/\/www.articolovtrainingforbusiness.com\/?page_id=899"},"modified":"2018-06-07T16:13:46","modified_gmt":"2018-06-07T14:13:46","slug":"privacy-policy","status":"publish","type":"page","link":"https:\/\/www.articolovtrainingforbusiness.com\/index.php\/privacy-policy\/","title":{"rendered":"Privacy Policy"},"content":{"rendered":"[vc_row padding=&#8221;custom-padding&#8221; padding_bottom_value=&#8221;0&#8243;][vc_column][az_column_text]Gentile Visitatore, a seguito della consultazione di questo sito web possono essere trattati dati relativi a persone fisiche identificate o identificabili.<br \/>\nIn riferimento a tale trattamento di dati si rendono, anche ai sensi dell&#8217;art. 13 del Regolamento generale europeo sulla protezione dei dati (Regolamento UE 2016\/679), le seguenti informazioni, la cui validit\u00e0 non \u00e8 estesa per eventuali altri siti web esterni consultati dall&#8217;utente tramite link presenti su questo sito.<br \/>\nCon la prosecuzione della navigazione, e con l\u2019adesione alle proposte di servizio contenute nelle varie parti del sito (iscrizione alla nostra newsletter, compilazione di form per richiedere informazioni,\u2026), si danno per acquisite queste informazioni generali sul trattamento, nonch\u00e9 le eventuali specifiche informazioni legate a trattamenti per finalit\u00e0 diverse e specifiche, e l\u2019utente esplicita il relativo consenso ai trattamenti. Si sottolinea che il consenso \u00e8 valido unicamente se proviene da persona maggiorenne o da minore che abbia compiuto i 14 anni.[\/az_column_text][\/vc_column][\/vc_row][vc_row][vc_column][az_divider][\/vc_column][\/vc_row][vc_row][vc_column][az_column_text]\n<h3>TITOLARE DEL TRATTAMENTO<\/h3>\n[\/az_column_text][\/vc_column][\/vc_row][vc_row][vc_column][az_column_text]Articolo V Horse Academy Training For Business, con sede in Via Caliselle 29, Colle Umberto (Treviso), p.iva 04428280269 <a href=\"mailto:info@articolovtrainingforbusiness.com\">info@articolovtrainingforbusiness.com<\/a>[\/az_column_text][\/vc_column][\/vc_row][vc_row][vc_column][az_divider][\/vc_column][\/vc_row][vc_row][vc_column][az_column_text]\n<h3>TIPI DI DATI TRATTATI<\/h3>\n[\/az_column_text][\/vc_column][\/vc_row][vc_row][vc_column][az_column_text]<strong>Dati di navigazione<\/strong><br \/>\nI sistemi informatici e le procedure software preposte al funzionamento di questo sito web acquisiscono, nel corso del loro normale esercizio, alcuni dati personali la cui trasmissione \u00e8 implicita nell&#8217;uso dei protocolli di comunicazione di Internet.<br \/>\nSi tratta di informazioni che non sono raccolte per essere associate a interessati identificati, ma che per loro stessa natura potrebbero, attraverso elaborazioni ed associazioni con dati detenuti da terzi, permettere di identificare gli utenti.<br \/>\nIn questa categoria di dati rientrano, ad esempio, gli indirizzi IP o i nomi a dominio dei computer o degli altri strumenti utilizzati dagli utenti che si connettono al sito, gli indirizzi in notazione URI (Uniform Resource Identifier) delle risorse richieste, l&#8217;orario della richiesta, il metodo utilizzato nel sottoporre la richiesta al server, la dimensione del file ottenuto in risposta, il codice numerico indicante lo stato della risposta data dal server (buon fine, errore, ecc.) ed altri parametri relativi al sistema operativo e all&#8217;ambiente informatico dell&#8217;utente.<br \/>\nQuesti dati vengono utilizzati al solo fine di ricavare informazioni statistiche anonime sull&#8217;uso del sito e per controllarne il corretto funzionamento e vengono cancellati immediatamente dopo l&#8217;elaborazione.<\/p>\n<p><strong>Cookies<\/strong><br \/>\n<a href=\"https:\/\/www.articolovtrainingforbusiness.com\/index.php\/cookies-policy\/\" target=\"_blank\" rel=\"noopener noreferrer\">www.articolovtrainingforbusiness.com\/index.php\/cookies-policy<\/a><\/p>\n<p><strong>Dati forniti volontariamente dall&#8217;utente<\/strong><br \/>\nL&#8217;invio facoltativo, esplicito e volontario di posta elettronica agli indirizzi indicati su questo sito comporta la successiva acquisizione dell&#8217;indirizzo del mittente, necessario per rispondere alle richieste, nonch\u00e9 degli eventuali altri dati personali inseriti nella missiva. Specifiche informative di sintesi vengono inoltre riportate o visualizzate nelle sezioni del sito predisposte per particolari servizi a richiesta e sottoposte, se del caso, al consenso dell\u2019interessato (ad esempio per l\u2019iscrizione alla newsletter).[\/az_column_text][\/vc_column][\/vc_row][vc_row][vc_column][az_divider][\/vc_column][\/vc_row][vc_row][vc_column][az_column_text]\n<h3>FINALIT\u00c0 DEL TRATTAMENTO E FACOLTATIVIT\u00c0 DEL CONFERIMENTO DEI DATI<\/h3>\n[\/az_column_text][\/vc_column][\/vc_row][vc_row][vc_column][az_column_text]A parte quanto specificato per i dati di navigazione e per i cookies tecnici, l&#8217;utente \u00e8 libero di fornire i propri dati personali attraverso l\u2019utilizzo di appositi form o moduli presenti nel sito per richiedere l&#8217;invio della newsletter, di materiale informativo o di altre comunicazioni e, pi\u00f9 in generale, per le finalit\u00e0 riportate nelle relative e specifiche informative. Il loro mancato conferimento pu\u00f2 comportare l&#8217;impossibilit\u00e0 di ottenere quanto richiesto.[\/az_column_text][\/vc_column][\/vc_row][vc_row][vc_column][az_divider][\/vc_column][\/vc_row][vc_row][vc_column][az_column_text]\n<h3>MODALIT\u00c0 DEL TRATTAMENTO<\/h3>\n[\/az_column_text][\/vc_column][\/vc_row][vc_row][vc_column][az_column_text]La nostra Societ\u00e0, quale titolare del trattamento, e ciascuno degli eventuali Responsabili esterni come sopra identificati, gestir\u00e0 ed archivier\u00e0 con strumenti automatizzati e\/o cartacei i dati personali raccolti attraverso l\u2019utilizzo del sito e delle sue diverse funzionalit\u00e0 attivabili a richiesta dell\u2019utente, per il tempo strettamente necessario a conseguire gli scopi per cui sono stati raccolti o volontariamente comunicati dall\u2019utente.<br \/>\nSpecifiche misure di sicurezza, come prevede l\u2019art. 32 del Regolamento (UE) 2016\/679, sono osservate per prevenire la perdita dei dati, usi illeciti o non corretti ed accessi non autorizzati.<br \/>\nIn nessun caso i dati saranno oggetto di diffusione.<br \/>\nSui predetti dati non \u00e8 prevista attivit\u00e0 di profilazione personale dell\u2019utente.<br \/>\nPer le finalit\u00e0 sopra indicate, i dati suddetti verranno conservati dalla nostra societ\u00e0 per un massimo di 20 anni per le finalit\u00e0 di marketing su indicate, fatto salvo l\u2019esercizio da parte del destinatario dei diritti previsti tra cui quelli di opposizione e cancellazione, e potranno venire a conoscenza delle seguenti categorie di incaricati e\/o responsabili: ufficio marketing, ufficio commerciale, ufficio amministrazione.[\/az_column_text][\/vc_column][\/vc_row][vc_row][vc_column][az_divider][\/vc_column][\/vc_row][vc_row][vc_column][az_column_text]\n<h3>DETTAGLI SUL TRATTAMENTO DEI DATI PERSONALI<\/h3>\n[\/az_column_text][\/vc_column][\/vc_row][vc_row][vc_column][az_column_text]I Dati Personali sono raccolti per le seguenti finalit\u00e0 ed utilizzando i seguenti servizi:<\/p>\n<p><strong>Contattare l&#8217;Utente<\/strong><br \/>\nMailing list o newsletter<br \/>\nCon la registrazione alla mailing list o alla newsletter, l\u2019indirizzo email dell\u2019Utente viene automaticamente inserito in una lista di contatti a cui potranno essere trasmessi messaggi email contenenti informazioni, anche di natura commerciale e promozionale, relative a questo sito. L&#8217;indirizzo email dell&#8217;Utente potrebbe anche essere aggiunto a questa lista come risultato della registrazione a o sito o dopo aver effettuato un acquisto.<br \/>\nDati Personali raccolti: email.<\/p>\n<p>Modulo di contatto<br \/>\nL\u2019Utente, compilando con i propri Dati il modulo di contatto, acconsente al loro utilizzo per rispondere alle richieste di informazioni, di preventivo, o di qualunque altra natura indicata dall\u2019intestazione del modulo.<br \/>\nDati Personali raccolti: cognome, nome ed email.<\/p>\n<p><strong>Statistica<\/strong><br \/>\nI servizi contenuti nella presente sezione permettono al Titolare del Trattamento di monitorare e analizzare i dati di traffico e servono a tener traccia del comportamento dell\u2019Utente.<br \/>\nGoogle Analytics (Google Inc.)<br \/>\nGoogle Analytics \u00e8 un servizio di analisi web fornito da Google Inc. (\u201cGoogle\u201d). Google utilizza i Dati Personali raccolti allo scopo di tracciare ed esaminare l\u2019utilizzo di questa Applicazione, compilare report e condividerli con gli altri servizi sviluppati da Google.<br \/>\nGoogle potrebbe utilizzare i Dati Personali per contestualizzare e personalizzare gli annunci del proprio network pubblicitario.<br \/>\nDati Personali raccolti: Cookie e Dati di utilizzo.<br \/>\nLuogo del trattamento: Stati Uniti \u2013\u00a0Privacy Policy\u00a0\u2013\u00a0Opt Out. Soggetto aderente al Privacy Shield.[\/az_column_text][\/vc_column][\/vc_row][vc_row][vc_column][az_divider][\/vc_column][\/vc_row][vc_row][vc_column][az_column_text]\n<h3>DIRITTI DEGLI INTERESSATI<\/h3>\n[\/az_column_text][\/vc_column][\/vc_row][vc_row padding=&#8221;custom-padding&#8221; padding_top_value=&#8221;&#8221;][vc_column][az_column_text]Ai soggetti cui si riferiscono i dati personali trattati sono garantiti tutti i diritti di cui agli articoli 15, 16, 17, 18 del Regolamento 679 (accesso con conferma dell&#8217;esistenza o meno del trattamento dei propri dati; rettifica, cancellazione e limitazione del trattamento quando ne ricorrano i casi).<br \/>\nL\u2019utente interessato ha il diritto di opporsi in ogni caso, per motivi legittimi, al loro trattamento.<br \/>\nLe richieste vanno rivolte:<br \/>\n&#8211; via e-mail, all&#8217;indirizzo: <a href=\"mailto:info@articolovtrainingforbusiness.com\">info@articolovtrainingforbusiness.com<\/a><br \/>\n&#8211; oppure via posta, a: Articolo V Horse Academy Training For Business in Via Caliselle 29, Colle Umberto (Treviso)[\/az_column_text][\/vc_column][\/vc_row]\n","protected":false},"excerpt":{"rendered":"<p>[vc_row padding=&#8221;custom-padding&#8221; padding_bottom_value=&#8221;0&#8243;][vc_column][az_column_text]Gentile Visitatore, a seguito della consultazione di questo sito web possono essere trattati dati relativi a persone fisiche identificate o identificabili. In riferimento a tale trattamento di dati si rendono, anche ai [&hellip;]<\/p>\n","protected":false},"author":4,"featured_media":0,"parent":0,"menu_order":0,"comment_status":"closed","ping_status":"closed","template":"","meta":{"_mi_skip_tracking":false},"yoast_head":"<!-- This site is optimized with the Yoast SEO plugin v19.14 - https:\/\/yoast.com\/wordpress\/plugins\/seo\/ -->\n<title>Privacy Policy - Articolo V Training for Business<\/title>\n<meta name=\"robots\" content=\"index, follow, max-snippet:-1, max-image-preview:large, max-video-preview:-1\" \/>\n<link rel=\"canonical\" href=\"https:\/\/www.articolovtrainingforbusiness.com\/index.php\/privacy-policy\/\" \/>\n<meta property=\"og:locale\" content=\"it_IT\" \/>\n<meta property=\"og:type\" content=\"article\" \/>\n<meta property=\"og:title\" content=\"Privacy Policy - Articolo V Training for Business\" \/>\n<meta property=\"og:description\" content=\"[vc_row padding=&#8221;custom-padding&#8221; padding_bottom_value=&#8221;0&#8243;][vc_column][az_column_text]Gentile Visitatore, a seguito della consultazione di questo sito web possono essere trattati dati relativi a persone fisiche identificate o identificabili. In riferimento a tale trattamento di dati si rendono, anche ai [&hellip;]\" \/>\n<meta property=\"og:url\" content=\"https:\/\/www.articolovtrainingforbusiness.com\/index.php\/privacy-policy\/\" \/>\n<meta property=\"og:site_name\" content=\"Articolo V Training for Business\" \/>\n<meta property=\"article:modified_time\" content=\"2018-06-07T14:13:46+00:00\" \/>\n<meta name=\"twitter:card\" content=\"summary_large_image\" \/>\n<meta name=\"twitter:label1\" content=\"Tempo di lettura stimato\" \/>\n\t<meta name=\"twitter:data1\" content=\"6 minuti\" \/>\n<script type=\"application\/ld+json\" class=\"yoast-schema-graph\">{\"@context\":\"https:\/\/schema.org\",\"@graph\":[{\"@type\":\"WebPage\",\"@id\":\"https:\/\/www.articolovtrainingforbusiness.com\/index.php\/privacy-policy\/\",\"url\":\"https:\/\/www.articolovtrainingforbusiness.com\/index.php\/privacy-policy\/\",\"name\":\"Privacy Policy - Articolo V Training for Business\",\"isPartOf\":{\"@id\":\"https:\/\/www.articolovtrainingforbusiness.com\/#website\"},\"datePublished\":\"2018-05-25T06:59:48+00:00\",\"dateModified\":\"2018-06-07T14:13:46+00:00\",\"breadcrumb\":{\"@id\":\"https:\/\/www.articolovtrainingforbusiness.com\/index.php\/privacy-policy\/#breadcrumb\"},\"inLanguage\":\"it-IT\",\"potentialAction\":[{\"@type\":\"ReadAction\",\"target\":[\"https:\/\/www.articolovtrainingforbusiness.com\/index.php\/privacy-policy\/\"]}]},{\"@type\":\"BreadcrumbList\",\"@id\":\"https:\/\/www.articolovtrainingforbusiness.com\/index.php\/privacy-policy\/#breadcrumb\",\"itemListElement\":[{\"@type\":\"ListItem\",\"position\":1,\"name\":\"Home\",\"item\":\"https:\/\/www.articolovtrainingforbusiness.com\/\"},{\"@type\":\"ListItem\",\"position\":2,\"name\":\"Privacy Policy\"}]},{\"@type\":\"WebSite\",\"@id\":\"https:\/\/www.articolovtrainingforbusiness.com\/#website\",\"url\":\"https:\/\/www.articolovtrainingforbusiness.com\/\",\"name\":\"Articolo V Training for Business\",\"description\":\"I cavalli nella formazione\",\"publisher\":{\"@id\":\"https:\/\/www.articolovtrainingforbusiness.com\/#organization\"},\"potentialAction\":[{\"@type\":\"SearchAction\",\"target\":{\"@type\":\"EntryPoint\",\"urlTemplate\":\"https:\/\/www.articolovtrainingforbusiness.com\/?s={search_term_string}\"},\"query-input\":\"required name=search_term_string\"}],\"inLanguage\":\"it-IT\"},{\"@type\":\"Organization\",\"@id\":\"https:\/\/www.articolovtrainingforbusiness.com\/#organization\",\"name\":\"Articolo V Horse Academy\",\"url\":\"https:\/\/www.articolovtrainingforbusiness.com\/\",\"logo\":{\"@type\":\"ImageObject\",\"inLanguage\":\"it-IT\",\"@id\":\"https:\/\/www.articolovtrainingforbusiness.com\/#\/schema\/logo\/image\/\",\"url\":\"https:\/\/www.articolovtrainingforbusiness.com\/wp-content\/uploads\/articolo-v-training-for-business-logo-2.jpg\",\"contentUrl\":\"https:\/\/www.articolovtrainingforbusiness.com\/wp-content\/uploads\/articolo-v-training-for-business-logo-2.jpg\",\"width\":250,\"height\":163,\"caption\":\"Articolo V Horse Academy\"},\"image\":{\"@id\":\"https:\/\/www.articolovtrainingforbusiness.com\/#\/schema\/logo\/image\/\"}}]}<\/script>\n<!-- \/ Yoast SEO plugin. -->","yoast_head_json":{"title":"Privacy Policy - Articolo V Training for Business","robots":{"index":"index","follow":"follow","max-snippet":"max-snippet:-1","max-image-preview":"max-image-preview:large","max-video-preview":"max-video-preview:-1"},"canonical":"https:\/\/www.articolovtrainingforbusiness.com\/index.php\/privacy-policy\/","og_locale":"it_IT","og_type":"article","og_title":"Privacy Policy - Articolo V Training for Business","og_description":"[vc_row padding=&#8221;custom-padding&#8221; padding_bottom_value=&#8221;0&#8243;][vc_column][az_column_text]Gentile Visitatore, a seguito della consultazione di questo sito web possono essere trattati dati relativi a persone fisiche identificate o identificabili. In riferimento a tale trattamento di dati si rendono, anche ai [&hellip;]","og_url":"https:\/\/www.articolovtrainingforbusiness.com\/index.php\/privacy-policy\/","og_site_name":"Articolo V Training for Business","article_modified_time":"2018-06-07T14:13:46+00:00","twitter_card":"summary_large_image","twitter_misc":{"Tempo di lettura stimato":"6 minuti"},"schema":{"@context":"https:\/\/schema.org","@graph":[{"@type":"WebPage","@id":"https:\/\/www.articolovtrainingforbusiness.com\/index.php\/privacy-policy\/","url":"https:\/\/www.articolovtrainingforbusiness.com\/index.php\/privacy-policy\/","name":"Privacy Policy - Articolo V Training for Business","isPartOf":{"@id":"https:\/\/www.articolovtrainingforbusiness.com\/#website"},"datePublished":"2018-05-25T06:59:48+00:00","dateModified":"2018-06-07T14:13:46+00:00","breadcrumb":{"@id":"https:\/\/www.articolovtrainingforbusiness.com\/index.php\/privacy-policy\/#breadcrumb"},"inLanguage":"it-IT","potentialAction":[{"@type":"ReadAction","target":["https:\/\/www.articolovtrainingforbusiness.com\/index.php\/privacy-policy\/"]}]},{"@type":"BreadcrumbList","@id":"https:\/\/www.articolovtrainingforbusiness.com\/index.php\/privacy-policy\/#breadcrumb","itemListElement":[{"@type":"ListItem","position":1,"name":"Home","item":"https:\/\/www.articolovtrainingforbusiness.com\/"},{"@type":"ListItem","position":2,"name":"Privacy Policy"}]},{"@type":"WebSite","@id":"https:\/\/www.articolovtrainingforbusiness.com\/#website","url":"https:\/\/www.articolovtrainingforbusiness.com\/","name":"Articolo V Training for Business","description":"I cavalli nella formazione","publisher":{"@id":"https:\/\/www.articolovtrainingforbusiness.com\/#organization"},"potentialAction":[{"@type":"SearchAction","target":{"@type":"EntryPoint","urlTemplate":"https:\/\/www.articolovtrainingforbusiness.com\/?s={search_term_string}"},"query-input":"required name=search_term_string"}],"inLanguage":"it-IT"},{"@type":"Organization","@id":"https:\/\/www.articolovtrainingforbusiness.com\/#organization","name":"Articolo V Horse Academy","url":"https:\/\/www.articolovtrainingforbusiness.com\/","logo":{"@type":"ImageObject","inLanguage":"it-IT","@id":"https:\/\/www.articolovtrainingforbusiness.com\/#\/schema\/logo\/image\/","url":"https:\/\/www.articolovtrainingforbusiness.com\/wp-content\/uploads\/articolo-v-training-for-business-logo-2.jpg","contentUrl":"https:\/\/www.articolovtrainingforbusiness.com\/wp-content\/uploads\/articolo-v-training-for-business-logo-2.jpg","width":250,"height":163,"caption":"Articolo V Horse Academy"},"image":{"@id":"https:\/\/www.articolovtrainingforbusiness.com\/#\/schema\/logo\/image\/"}}]}},"_links":{"self":[{"href":"https:\/\/www.articolovtrainingforbusiness.com\/index.php\/wp-json\/wp\/v2\/pages\/899"}],"collection":[{"href":"https:\/\/www.articolovtrainingforbusiness.com\/index.php\/wp-json\/wp\/v2\/pages"}],"about":[{"href":"https:\/\/www.articolovtrainingforbusiness.com\/index.php\/wp-json\/wp\/v2\/types\/page"}],"author":[{"embeddable":true,"href":"https:\/\/www.articolovtrainingforbusiness.com\/index.php\/wp-json\/wp\/v2\/users\/4"}],"replies":[{"embeddable":true,"href":"https:\/\/www.articolovtrainingforbusiness.com\/index.php\/wp-json\/wp\/v2\/comments?post=899"}],"version-history":[{"count":12,"href":"https:\/\/www.articolovtrainingforbusiness.com\/index.php\/wp-json\/wp\/v2\/pages\/899\/revisions"}],"predecessor-version":[{"id":929,"href":"https:\/\/www.articolovtrainingforbusiness.com\/index.php\/wp-json\/wp\/v2\/pages\/899\/revisions\/929"}],"wp:attachment":[{"href":"https:\/\/www.articolovtrainingforbusiness.com\/index.php\/wp-json\/wp\/v2\/media?parent=899"}],"curies":[{"name":"wp","href":"https:\/\/api.w.org\/{rel}","templated":true}]}}